{"id":23435,"date":"2023-03-15T03:56:08","date_gmt":"2023-03-15T02:56:08","guid":{"rendered":"https:\/\/unicope.com\/datenschutz\/"},"modified":"2025-08-25T06:59:30","modified_gmt":"2025-08-25T04:59:30","slug":"datenschutz","status":"publish","type":"page","link":"https:\/\/unicope.com\/ch\/datenschutz\/","title":{"rendered":"Datenschutz"},"content":{"rendered":"\t\t<div data-elementor-type=\"wp-page\" data-elementor-id=\"23435\" class=\"elementor elementor-23435 elementor-513\" data-elementor-settings=\"{&quot;ha_cmc_init_switcher&quot;:&quot;no&quot;}\" data-elementor-post-type=\"page\">\n\t\t\t\t\t\t<section class=\"elementor-section elementor-top-section elementor-element elementor-element-acd57e4 elementor-section-boxed elementor-section-height-default elementor-section-height-default wpr-particle-no wpr-jarallax-no wpr-parallax-no wpr-sticky-section-no\" data-id=\"acd57e4\" data-element_type=\"section\" data-e-type=\"section\" data-settings=\"{&quot;background_background&quot;:&quot;classic&quot;,&quot;_ha_eqh_enable&quot;:false}\">\n\t\t\t\t\t\t<div class=\"elementor-container elementor-column-gap-default\">\n\t\t\t\t\t<section class=\"elementor-column elementor-col-100 elementor-top-column elementor-element elementor-element-c74cad5\" data-id=\"c74cad5\" data-element_type=\"column\" data-e-type=\"column\">\n\t\t\t<div class=\"elementor-widget-wrap elementor-element-populated\">\n\t\t\t\t\t\t<div class=\"elementor-element elementor-element-9728ec7 elementor-widget elementor-widget-text-editor\" data-id=\"9728ec7\" data-element_type=\"widget\" data-e-type=\"widget\" data-widget_type=\"text-editor.default\">\n\t\t\t\t<div class=\"elementor-widget-container\">\n\t\t\t\t\t\t\t\t\t<h2>Datenschutzerkl\u00e4rung<\/h2>\nVerantwortlich f\u00fcr die Verarbeitung Ihrer personenbezogenen Daten auf unserer Website ist die Firma. Die Daten der Firma finden Sie im <a href=\"\/impressum\/\">Impressum<\/a>\n<h4>Datenschutz<\/h4>\nWir nehmen den Schutz Ihrer pers\u00f6nenbezogenen Daten sehr ernst. Wir verarbeiten Ihre personenbezogenen Daten entsprechend der gesetzlichen Datenschutzvorschriften sowie dieser Datenschutzerkl\u00e4rung.\n\nDie Nutzung unserer Webseite ist in der Regel ohne Angabe personenbezogener Daten m\u00f6glich. Soweit auf unseren Seiten personenbezogene Daten (beispielsweise Name, Anschrift oder E-Mail-Adressen) erhoben werden, erfolgt dies, soweit m\u00f6glich, stets auf freiwilliger Basis.\n<h4>Kontakt mit uns<\/h4>\nWenn Sie per Formular auf der Website oder per E-Mail Kontakt mit uns aufnehmen, werden Ihre angegebenen Daten zwecks Bearbeitung der Anfrage und f\u00fcr den Fall von Anschlussfragen sechs Monate bei uns gespeichert. Diese Daten geben wir nicht ohne Ihre Einwilligung weiter.\n<h4>Welche Daten verarbeitet UNICOPE?<\/h4>\nWir verarbeiten Ihre personenbezogenen Daten, die unter folgende Datenkategorien fallen:\n<ul>\n \t<li>Name\/Firma<\/li>\n \t<li>Beruf\/Berufsbezeichnung<\/li>\n \t<li>Firmenbuchnummer<\/li>\n \t<li>Ansprechperson<\/li>\n \t<li>Gesch\u00e4ftsanschrift und sonstige Adressen des Kunden<\/li>\n \t<li>Kontaktdaten (Telefonnummer, Telefaxnummer, E-Mail-Adresse, etc.)<\/li>\n \t<li>Bankverbindungen, Kreditkartendaten<\/li>\n \t<li>Bestelldaten<\/li>\n \t<li>UID-Nummer<\/li>\n \t<li>Kundenserviceanfragen<\/li>\n<\/ul>\n<div><\/div>\nDie von Ihnen bereit gestellten Daten sind zur Vertragserf\u00fcllung bzw. zur Durchf\u00fchrung vorvertraglicher Ma\u00dfnahmen erforderlich. Ohne diese Daten k\u00f6nnen wir den Vertrag mit Ihnen nicht abschlie\u00dfen. Eine Daten\u00fcbermittlung an Dritte erfolgt nicht, mit Ausnahme der \u00dcbermittlung der Kreditkartendaten an die abwickelnden Bankinstitute \/ Zahlungsdienstleister zum Zwecke der Abbuchung des Einkaufspreises, an das von uns beauftragte Transportunternehmen\/Versandunternehmen zur Zustellung der Ware sowie an unseren Steuerberater zur Erf\u00fcllung unserer steuerrechtlichen Verpflichtungen.\n\nIm Falle eines Vertragsabschlusses werden s\u00e4mtliche Daten aus dem Vertragsverh\u00e4ltnis bis zum Ablauf der steuerrechtlichen Aufbewahrungsfrist (7 Jahre) gespeichert.\n\nDie Daten Name, Anschrift, gekaufte Waren und Kaufdatum werden dar\u00fcber hinaus gehend bis zum Ablauf der Produkthaftung (10 Jahre) gespeichert.\u00a0 Die Datenverarbeitung erfolgt auf Basis der gesetzlichen Bestimmungen des \u00a7 96 Abs 3 TKG sowie des Art 6 Abs 1 lit a (Einwilligung) und\/oder lit b (notwendig zur Vertragserf\u00fcllung) der DSGVO.\n\nSie haben uns Daten \u00fcber sich freiwillig zur Verf\u00fcgung gestellt und wir verarbeiten diese Daten auf Grundlage Ihrer Einwilligung zu folgenden Zwecken:\n<ul>\n \t<li>Betreuung des Kunden sowie<\/li>\n \t<li>f\u00fcr eigene Werbezwecke, beispielsweise zur Zusendung von Angeboten, Werbeprospekten und Newsletter (in Papier- und elektronischer Form), sowie zum Zwecke des Hinweises auf die zum Kunden bestehende oder vormalige Gesch\u00e4ftsbeziehung (Referenzhinweis).<\/li>\n<\/ul>\n<div><\/div>\nSie k\u00f6nnen diese Einwilligung jederzeit widerrufen. Ein Widerruf hat zur Folge, dass wir Ihre Daten ab diesem Zeitpunkt zu oben genannten Zwecken nicht mehr verarbeiten. F\u00fcr einen Widerruf wenden Sie sich bitte an:\u00a0<a href=\"mailto:customerservice@unicope.com?subject=Widerruf%20zur%20Speicherung%20meiner%20Daten\">CustomerService@unicope.com.<\/a>\n<h4>Auftragsverarbeiter, Empf\u00e4nger<\/h4>\nWir verarbeiten Ihre personenbezogenen Daten mit der Unterst\u00fctzung von Auftragsverarbeitern, welche uns bei der Bereitstellung der Dienste unterst\u00fctzen (z.B. Webhoster, E-Mail-Newsletter-Versanddienst).\n\nDiese Auftragsverarbeiter sind zum strengen Schutz Ihrer personenbezogenen Daten verpflichtet und d\u00fcrfen Ihre personenbezogenen Daten zu keinem anderen Zweck als zur Bereitstellung unserer Dienste verarbeiten.\n\nEine Weitergabe Ihrer personenbezogenen Daten erfolgt nur an wirtschaftstypische Dienstleister wie z.B. Banken (im Fall von \u00dcberweisungen an Sie), Steuerberater (falls Sie in unserer Buchhaltung vorkommen), Versanddienstleister (im Fall der Versendung an Sie), etc.\n<h4>Rechtsbehelfsbelehrung<\/h4>\nIhnen stehen grunds\u00e4tzlich die Rechte auf Auskunft, Berichtigung, L\u00f6schung, Einschr\u00e4nkung, Daten\u00fcbertragbarkeit und Widerspruch zu. Daf\u00fcr wenden Sie sich an uns. Wenn Sie glauben, dass die Verarbeitung Ihrer Daten gegen das Datenschutzrecht verst\u00f6\u00dft oder Ihre datenschutzrechtlichen Anspr\u00fcche sonst in einer Weise verletzt worden sind, k\u00f6nnen Sie sich bei der Aufsichtsbeh\u00f6rde beschweren. In \u00d6sterreich ist die\u00a0<a href=\"https:\/\/www.dsb.gv.at\/\" target=\"_blank\" rel=\"noopener\">Datenschutzbeh\u00f6rde<\/a>\u00a0zust\u00e4ndig.\n<h4>Newsletter<\/h4>\nSie haben die M\u00f6glichkeit, \u00fcber unsere Website unseren Newsletter zu abonnieren. Hierf\u00fcr ben\u00f6tigen wir Ihre E-Mail-Adresse und ihre Erkl\u00e4rung, dass Sie mit dem Bezug des Newsletters einverstanden sind. Um Sie zielgerichtet mit Informationen zu versorgen, erheben und verarbeiten wir au\u00dferdem freiwillig gemachte Angaben zu Interessengebieten, Anschrift und Postleitzahl. Sobald Sie sich f\u00fcr den Newsletter angemeldet haben, senden wir Ihnen ein Best\u00e4tigungs-E-Mail.\n\nDas Abo des Newsletters k\u00f6nnen Sie jederzeit stornieren. Senden Sie Ihre Stornierung bitte an folgende E-Mail-Adresse:\u00a0<a href=\"mailto:marketing@unicope.com?subject=Abmeldung%20Newsletter\">marketing@unicope.com<\/a>. Wir l\u00f6schen anschlie\u00dfend umgehend Ihre Daten im Zusammenhang mit dem Newsletter-Versand.\n<h4>Youtube<\/h4>\nWir binden die Videos der Plattform \u201cYouTube\u201d des Anbieters Google LLC, 1600 Amphitheatre Parkway, Mountain View, CA 94043, USA, ein. Datenschutzerkl\u00e4rung:\u00a0<a href=\"https:\/\/www.google.com\/policies\/privacy\/\" target=\"_blank\" rel=\"noopener noreferrer\">https:\/\/www.google.com\/policies\/privacy\/<\/a>, Opt-Out:\u00a0<a href=\"https:\/\/adssettings.google.com\/authenticated\" target=\"_blank\" rel=\"noopener noreferrer\">https:\/\/adssettings.google.com\/authenticated<\/a>.\n<h4>Google Fonts<\/h4>\nWir binden die Schriftarten (\u201eGoogle Fonts\u201c) des Anbieters Google LLC, 1600 Amphitheatre Parkway, Mountain View, CA 94043, USA, ein. Datenschutzerkl\u00e4rung:\u00a0<a href=\"https:\/\/www.google.com\/policies\/privacy\/\" target=\"_blank\" rel=\"noopener noreferrer\">https:\/\/www.google.com\/policies\/privacy\/<\/a>, Opt-Out:\u00a0<a href=\"https:\/\/adssettings.google.com\/authenticated\" target=\"_blank\" rel=\"noopener noreferrer\">https:\/\/adssettings.google.com\/authenticated<\/a>.\n<h4>Cookies<\/h4>\nUnsere Website verwendet so genannte Cookies. Dabei handelt es sich um kleine Textdateien, die mit Hilfe des Browsers auf Ihrem Endger\u00e4t abgelegt werden. Sie richten keinen Schaden an. Wir nutzen Cookies dazu, unser Angebot nutzerfreundlich zu gestalten. Einige Cookies bleiben auf Ihrem Endger\u00e4t gespeichert, bis Sie diese l\u00f6schen. Sie erm\u00f6glichen es uns, Ihren Browser beim n\u00e4chsten Besuch wiederzuerkennen. Wenn Sie dies nicht w\u00fcnschen, so k\u00f6nnen Sie Ihren Browser so einrichten, dass er Sie \u00fcber das Setzen von Cookies informiert und Sie dies nur im Einzelfall erlauben.\n\nBei der Deaktivierung von Cookies kann die Funktionalit\u00e4t unserer Website eingeschr\u00e4nkt sein.\n<div class=\"clickskeks-cookie-declaration ccm-cookie-declaration ccm-cookie-declaration--loaded\" lang=\"de-DE\">\n<div class=\"ccm-cookie-declaration--intro\">\n<h5>Web-Analyse<\/h5>\nWir haben mit den Anbietern einen entsprechenden Vertrag zur Auftragsdatenverarbeitung abgeschlossen. Ihre IP-Adresse wird erfasst, aber umgehend (z.B. durch L\u00f6schung der letzten 8 Bit)pseudonymisiert. Dadurch ist nur mehr eine grobe Lokalisierung m\u00f6glich. Die Datenverarbeitung erfolgt auf Basis der gesetzlichen Bestimmungen des \u00a7 96 Abs 3 TKG sowie des Art 6 Abs 1 lit a (Einwilligung) und\/oder f (berechtigtes Interesse) der DSGVO. Unser Anliegen im Sinne der DSGVO (berechtigtes Interesse) ist die Verbesserung unseres Angebotes und unseres Webauftritts. Da uns die Privatsph\u00e4re unserer Nutzer wichtig ist, werden die Nutzerdaten pseudonymisiert. Die Nutzerdaten werden f\u00fcr die Dauer von 14 Monaten aufbewahrt.\n<h5>Google Analytics<\/h5>\nDiese Website benutzt Google Analytics, einen Webanalysedienst der Google Inc. (\u201eGoogle\u201c). Google Analytics verwendet sog. \u201eCookies\u201c, Textdateien, die auf Ihrem Computer gespeichert werden und die eine Analyse der Benutzung der Website durch Sie erm\u00f6glichen. Die durch den Cookie erzeugten Informationen \u00fcber Ihre Benutzung dieser Website (einschlie\u00dflich Ihrer IP-Adresse) wird an einen Server von Google in den USA \u00fcbertragen und dort gespeichert. Google wird diese Informationen benutzen, um Ihre Nutzung der Website auszuwerten, um Reports \u00fcber die Websiteaktivit\u00e4ten f\u00fcr die Websitebetreiber zusammenzustellen und um weitere mit der Websitenutzung und der Internetnutzung verbundene Dienstleistungen zu erbringen. Auch wird Google diese Informationen gegebenenfalls an Dritte \u00fcbertragen, sofern dies gesetzlich vorgeschrieben oder soweit Dritte diese Daten im Auftrag von Google verarbeiten. Google wird in keinem Fall Ihre IP-Adresse mit anderen Daten von Google in Verbindung bringen. Sie k\u00f6nnen die Installation der Cookies durch eine entsprechende Einstellung Ihrer Browser Software verhindern; wir weisen Sie jedoch darauf hin, dass Sie in diesem Fall gegebenenfalls nicht s\u00e4mtliche Funktionen dieser Website vollumf\u00e4nglich nutzen k\u00f6nnen.\n\nDurch die Nutzung dieser Website erkl\u00e4ren Sie sich mit der Bearbeitung der \u00fcber Sie erhobenen Daten durch Google in der zuvor beschriebenen Art und Weise und zu dem zuvor benannten Zweck einverstanden.\u201c Der Datenerhebung und -speicherung kann jederzeit mit Wirkung f\u00fcr die Zukunft widersprochen werden. Soweit Google Adsense, einen Webanzeigendienst der Google Inc., USA (\u201eGoogle\u201c), auf dieser Website Werbung (Textanzeigen, Banner etc.) schaltet, speichert Ihr Browser eventuell ein von Google Inc. oder Dritten gesendetes Cookie. Die in dem Cookie gespeicherten Informationen k\u00f6nnen durch Google Inc. oder auch Dritte aufgezeichnet, gesammelt und ausgewertet werden. Dar\u00fcber hinaus verwendet Google Adsense zur Sammlung von Informationen auch sog. \u201eWebBacons\u201c (kleine unsichtbare Grafiken), durch deren Verwendung einfache Aktionen wie der Besucherverkehr auf der Webseite aufgezeichnet, gesammelt und ausgewertet werden k\u00f6nnen. Die durch den Cookie und\/oder Web Bacon erzeugten Informationen \u00fcber Ihre Nutzung dieser Website werden an einen Server von Google in den USA \u00fcbertragen und dort gespeichert. Google benutzt die so erhaltenen Informationen, um eine Auswertung Ihres Nutzungsverhaltens im Hinblick auf die AdSense-Anzeigen durchzuf\u00fchren. Google wird diese Informationen gegebenenfalls auch an Dritte \u00fcbertragen, sofern dies gesetzlich vorgeschrieben ist oder soweit Dritte diese Daten im Auftrag von Google verarbeiten. Ihre IP-Adresse wird von Google nicht mit anderen von Google gespeicherten Daten in Verbindung gebracht. Sie k\u00f6nnen das Speichern von Cookies auf Ihrer Festplatte und die Anzeige von Web Bacons verhindern. Dazu m\u00fcssen Sie in Ihren Browser-Einstellungen \u201ekeine Cookies akzeptieren\u201c w\u00e4hlen (Im Internet-Explorer unter \u201eExtras \/ Internetoptionen \/ Datenschutz \/ Einstellung\u201c, bei Firefox unter \u201eExtras \/ Einstellungen \/ Datenschutz \/ Cookies\u201c).\n\n<strong>Google Analytics Opt-Out Tool f\u00fcr Ihren Browser:<\/strong>\u00a0<a href=\"https:\/\/tools.google.com\/dlpage\/gaoptout\" target=\"_blank\" rel=\"noopener\">https:\/\/tools.google.com\/dlpage\/gaoptout<\/a>\n<h5>Facebook Pixel<\/h5>\nMit Ihrer Einwilligung setzen wir innerhalb unseres Internetauftritts den \u201eBesucheraktions-Pixel\u201c der Facebook Inc., 1601 S. California Ave, Palo Alto, CA 94304, USA (\u201eFacebook\u201c) ein. Mit dessen Hilfe k\u00f6nnen wir die Aktionen von Nutzern nachverfolgen, nach dem diese eine Facebook-Werbeanzeige gesehen oder geklickt haben. So k\u00f6nnen wir die Wirksamkeit der\u00a0Facebook-Werbeanzeigen f\u00fcr statistische und marktforschungszwecke erfassen. Die so erfassten Daten sind f\u00fcr uns anonym, das hei\u00dft wir sehen nicht die personenbezogenen Daten einzelner Nutzer. Diese Daten werden jedoch von Facebook gespeichert \u00a0und verarbeitet, wor\u00fcber wir Sie entsprechend unserem Kenntnisstand unterrichten. Facebook kann diese Daten mit ihrem Facebookkonto verbinden und auch f\u00fcr eigene Werbezwecke, entsprechend Facebooks Datensverwendungsrichtlinie verwenden\u00a0<a href=\"https:\/\/www.facebook.com\/about\/privacy\/\" target=\"_blank\" rel=\"noopener\">https:\/\/www.facebook.com\/about\/privacy\/<\/a>. Sie k\u00f6nnen Facebook sowie dessen Partnern das Schalten von Werbeanzeigen auf und au\u00dferhalb von Facebook erm\u00f6glichen. Es kann ferner zu diesen Zwecken ein Cookie auf Ihrem Rechner gespeichert werden.\n\nDiese Einwilligung darf nur von Nutzern, die \u00e4lter als 13 Jahre alt sind erkl\u00e4rt werden. Falls Sie j\u00fcnger sind, bitten wir, Ihre Erziehungsberechtigten um Rat zu fragen.\n<h5>LinkedIn<\/h5>\nAuf unseren Seiten sind Plugins des sozialen Netzwerks LinkedIn der LinkedIn Corporation, 2029 Stierlin Court, Mountain View, CA 94043, USA integriert. Wenn Sie unsere Seiten besuchen, wird \u00fcber das Plugin eine direkte Verbindung zwischen Ihrem Browser und dem LinkedIn-Server hergestellt. Das LinkedIn-Insight Tag erm\u00f6glicht es uns, unsere LinkedIn-Werbeanzeigen zu bewerten und Informationen \u00fcber Website-Besucher zu sammeln, die uns \u00fcber unsere Werbeanzeigen auf LinkedIn erreicht haben. Details zur Datenerhebung sowie zu Ihren Rechten und Einstellungsm\u00f6glichkeiten k\u00f6nnen Sie den Datenschutzhinweisen von LinkedIn entnehmen. Diese Hinweise finden sie unter:\u00a0<a href=\"https:\/\/www.linkedin.com\/legal\/privacy-policy\" target=\"_blank\" rel=\"noopener noreferrer\">https:\/\/www.linkedin.com\/legal\/privacy-policy<\/a>\n<h5>Pardot<\/h5>\nAuf unseren Seiten ist das Marketing Automationstool Pardot der Firma Pardot LLC, 950 East Paces Ferry Road, Suite 3300 Atlanta, GA 30326, USA integriert.\u00a0Pardot ist eine spezielle Software zur Erfassung und Auswertung der Bewegungsprofile von Website-Besuchern.\u00a0Pardot verwendet \u201eCookies\u201c, die auf dem Computer des jeweiligen Website-Besuchers gespeichert werden und eine Analyse der Benutzung der Website erm\u00f6glichen. Sie k\u00f6nnen diese Speicherung dieser Cookies jederzeit durch entsprechende Einstellungen in Ihrem Internetbrowser verhindern.\n<h5>Datenschutzbeauftragter<\/h5>\nMartin Malina, LL.B. (WU)\n\nHeiligenst\u00e4dter Stra\u00dfe 201\n\nA-1190 Wien\n\n<a href=\"mailto:datenschutz@unicope.com\">datenschutz@unicope.com<\/a>\t\t\t\t\t\t\t\t<\/div>\n\t\t\t\t<\/div>\n\t\t\t\t\t<\/div>\n\t\t<\/section>\n\t\t\t\t\t<\/div>\n\t\t<\/section>\n\t\t\t\t<\/div>\n\t\t","protected":false},"excerpt":{"rendered":"","protected":false},"author":6,"featured_media":0,"parent":0,"menu_order":0,"comment_status":"closed","ping_status":"closed","template":"","meta":{"_acf_changed":false,"footnotes":""},"class_list":["post-23435","page","type-page","status-publish","hentry"],"acf":[],"_links":{"self":[{"href":"https:\/\/unicope.com\/ch\/wp-json\/wp\/v2\/pages\/23435","targetHints":{"allow":["GET"]}}],"collection":[{"href":"https:\/\/unicope.com\/ch\/wp-json\/wp\/v2\/pages"}],"about":[{"href":"https:\/\/unicope.com\/ch\/wp-json\/wp\/v2\/types\/page"}],"author":[{"embeddable":true,"href":"https:\/\/unicope.com\/ch\/wp-json\/wp\/v2\/users\/6"}],"replies":[{"embeddable":true,"href":"https:\/\/unicope.com\/ch\/wp-json\/wp\/v2\/comments?post=23435"}],"version-history":[{"count":7,"href":"https:\/\/unicope.com\/ch\/wp-json\/wp\/v2\/pages\/23435\/revisions"}],"predecessor-version":[{"id":31241,"href":"https:\/\/unicope.com\/ch\/wp-json\/wp\/v2\/pages\/23435\/revisions\/31241"}],"wp:attachment":[{"href":"https:\/\/unicope.com\/ch\/wp-json\/wp\/v2\/media?parent=23435"}],"curies":[{"name":"wp","href":"https:\/\/api.w.org\/{rel}","templated":true}]}}