{"id":26005,"date":"2023-06-23T02:52:55","date_gmt":"2023-06-23T00:52:55","guid":{"rendered":"https:\/\/unicope.com\/?page_id=26005"},"modified":"2023-06-28T09:12:48","modified_gmt":"2023-06-28T07:12:48","slug":"digitalisierungspartner","status":"publish","type":"page","link":"https:\/\/unicope.com\/de\/vertriebspartner\/digitalisierungspartner\/","title":{"rendered":"Digitalisierungspartner"},"content":{"rendered":"\t\t<div data-elementor-type=\"wp-page\" data-elementor-id=\"26005\" class=\"elementor elementor-26005\" data-elementor-settings=\"{&quot;ha_cmc_init_switcher&quot;:&quot;no&quot;}\" data-elementor-post-type=\"page\">\n\t\t\t\t\t\t<section class=\"elementor-section elementor-top-section elementor-element elementor-element-4ff086b elementor-section-full_width elementor-section-height-default elementor-section-height-default wpr-particle-no wpr-jarallax-no wpr-parallax-no wpr-sticky-section-no\" data-id=\"4ff086b\" data-element_type=\"section\" data-e-type=\"section\" data-settings=\"{&quot;_ha_eqh_enable&quot;:false}\">\n\t\t\t\t\t\t<div class=\"elementor-container elementor-column-gap-no\">\n\t\t\t\t\t<div class=\"elementor-column elementor-col-100 elementor-top-column elementor-element elementor-element-7ee4aa2\" data-id=\"7ee4aa2\" data-element_type=\"column\" data-e-type=\"column\">\n\t\t\t<div class=\"elementor-widget-wrap elementor-element-populated\">\n\t\t\t\t\t\t<div class=\"elementor-element elementor-element-f143b18 elementor--h-position-center elementor--v-position-middle elementor-arrows-position-inside elementor-pagination-position-inside elementor-widget elementor-widget-slides\" data-id=\"f143b18\" data-element_type=\"widget\" data-e-type=\"widget\" data-settings=\"{&quot;transition&quot;:&quot;fade&quot;,&quot;navigation&quot;:&quot;both&quot;,&quot;autoplay&quot;:&quot;yes&quot;,&quot;pause_on_hover&quot;:&quot;yes&quot;,&quot;pause_on_interaction&quot;:&quot;yes&quot;,&quot;autoplay_speed&quot;:5000,&quot;infinite&quot;:&quot;yes&quot;,&quot;transition_speed&quot;:500}\" data-widget_type=\"slides.default\">\n\t\t\t\t<div class=\"elementor-widget-container\">\n\t\t\t\t\t\t\t\t\t<div class=\"elementor-swiper\">\n\t\t\t\t\t<div class=\"elementor-slides-wrapper elementor-main-swiper swiper\" role=\"region\" aria-roledescription=\"carousel\" aria-label=\"Slider\" dir=\"ltr\" data-animation=\"\">\n\t\t\t\t<div class=\"swiper-wrapper elementor-slides\">\n\t\t\t\t\t\t\t\t\t\t<div class=\"elementor-repeater-item-afd1037 swiper-slide\" role=\"group\" aria-roledescription=\"slide\"><div class=\"swiper-slide-bg\" role=\"img\" aria-label=\"dsc_4541teil2_kristinababak\"><\/div><div class=\"elementor-background-overlay\"><\/div><div class=\"swiper-slide-inner\" ><div class=\"swiper-slide-contents\"><div class=\"elementor-slide-heading\">Unser Digitalisierungspartner<\/div><\/div><\/div><\/div>\t\t\t\t<\/div>\n\t\t\t\t\t\t\t<\/div>\n\t\t\t\t<\/div>\n\t\t\t\t\t\t\t\t<\/div>\n\t\t\t\t<\/div>\n\t\t\t\t\t<\/div>\n\t\t<\/div>\n\t\t\t\t\t<\/div>\n\t\t<\/section>\n\t\t\t\t<div class=\"elementor-section elementor-top-section elementor-element elementor-element-7cd776d elementor-section-full_width elementor-section-height-default elementor-section-height-default wpr-particle-no wpr-jarallax-no wpr-parallax-no wpr-sticky-section-no\" data-id=\"7cd776d\" data-element_type=\"section\" data-e-type=\"section\" data-settings=\"{&quot;_ha_eqh_enable&quot;:false}\">\n\t\t\t\t\t\t<div class=\"elementor-container elementor-column-gap-no\">\n\t\t\t\t\t<div class=\"elementor-column elementor-col-100 elementor-top-column elementor-element elementor-element-cbfadca\" data-id=\"cbfadca\" data-element_type=\"column\" data-e-type=\"column\">\n\t\t\t<div class=\"elementor-widget-wrap elementor-element-populated\">\n\t\t\t\t\t\t<div class=\"elementor-element elementor-element-589e35d elementor-widget elementor-widget-template\" data-id=\"589e35d\" data-element_type=\"widget\" data-e-type=\"widget\" data-widget_type=\"template.default\">\n\t\t\t\t<div class=\"elementor-widget-container\">\n\t\t\t\t\t\t\t<div class=\"elementor-template\">\n\t\t\t\t\t<div data-elementor-type=\"section\" data-elementor-id=\"23940\" class=\"elementor elementor-23940 elementor-210 elementor-210\" data-elementor-settings=\"{&quot;ha_cmc_init_switcher&quot;:&quot;no&quot;}\" data-elementor-post-type=\"elementor_library\">\n\t\t\t\t\t<div class=\"elementor-section elementor-top-section elementor-element elementor-element-26e9414 elementor-hidden-mobile elementor-section-boxed elementor-section-height-default elementor-section-height-default wpr-particle-no wpr-jarallax-no wpr-parallax-no wpr-sticky-section-no\" data-id=\"26e9414\" data-element_type=\"section\" data-e-type=\"section\" id=\"fixed-sidebar\" data-settings=\"{&quot;animation&quot;:&quot;none&quot;,&quot;_ha_eqh_enable&quot;:false}\">\n\t\t\t\t\t\t<div class=\"elementor-container elementor-column-gap-no\">\n\t\t\t\t\t<div class=\"elementor-column elementor-col-100 elementor-top-column elementor-element elementor-element-0160550\" data-id=\"0160550\" data-element_type=\"column\" data-e-type=\"column\" data-settings=\"{&quot;background_background&quot;:&quot;classic&quot;}\">\n\t\t\t<div class=\"elementor-widget-wrap elementor-element-populated\">\n\t\t\t\t\t\t<div class=\"elementor-element elementor-element-b5db3c4 elementor-widget__width-initial elementor-widget elementor-widget-shortcode\" data-id=\"b5db3c4\" data-element_type=\"widget\" data-e-type=\"widget\" data-settings=\"{&quot;_animation&quot;:&quot;none&quot;}\" data-widget_type=\"shortcode.default\">\n\t\t\t\t<div class=\"elementor-widget-container\">\n\t\t\t\t\t\t\t<div class=\"elementor-shortcode\">[custom_fixed_sidebar]<\/div>\n\t\t\t\t\t\t<\/div>\n\t\t\t\t<\/div>\n\t\t\t\t<section class=\"elementor-section elementor-inner-section elementor-element elementor-element-1fbc3cd elementor-section-boxed elementor-section-height-default elementor-section-height-default wpr-particle-no wpr-jarallax-no wpr-parallax-no wpr-sticky-section-no\" data-id=\"1fbc3cd\" data-element_type=\"section\" data-e-type=\"section\" data-settings=\"{&quot;background_background&quot;:&quot;classic&quot;,&quot;_ha_eqh_enable&quot;:false}\">\n\t\t\t\t\t\t<div class=\"elementor-container elementor-column-gap-narrow\">\n\t\t\t\t\t<div class=\"make-column-clickable-elementor elementor-column elementor-col-100 elementor-inner-column elementor-element elementor-element-2e519ea sidebar-kontakt hover-grow\" style=\"cursor: pointer;\" data-column-clickable=\"https:\/\/unicope.com\/de\/kontakt\/\" data-column-clickable-blank=\"_self\" data-id=\"2e519ea\" data-element_type=\"column\" data-e-type=\"column\" data-settings=\"{&quot;background_background&quot;:&quot;classic&quot;}\">\n\t\t\t<div class=\"elementor-widget-wrap elementor-element-populated\">\n\t\t\t\t\t\t<div class=\"elementor-element elementor-element-3ec2fa1 elementor-widget elementor-widget-text-editor\" data-id=\"3ec2fa1\" data-element_type=\"widget\" data-e-type=\"widget\" data-widget_type=\"text-editor.default\">\n\t\t\t\t<div class=\"elementor-widget-container\">\n\t\t\t\t\t\t\t\t\t<p>JETZT ANFRAGEN<\/p>\t\t\t\t\t\t\t\t<\/div>\n\t\t\t\t<\/div>\n\t\t\t\t\t<\/div>\n\t\t<\/div>\n\t\t\t\t\t<\/div>\n\t\t<\/section>\n\t\t\t\t\t<\/div>\n\t\t<\/div>\n\t\t\t\t\t<\/div>\n\t\t<\/div>\n\t\t\t\t<\/div>\n\t\t\t\t<\/div>\n\t\t\t\t\t\t<\/div>\n\t\t\t\t<\/div>\n\t\t\t\t\t<\/div>\n\t\t<\/div>\n\t\t\t\t\t<\/div>\n\t\t<\/div>\n\t\t\t\t<section class=\"elementor-section elementor-top-section elementor-element elementor-element-599aaac elementor-section-boxed elementor-section-height-default elementor-section-height-default wpr-particle-no wpr-jarallax-no wpr-parallax-no wpr-sticky-section-no\" data-id=\"599aaac\" data-element_type=\"section\" data-e-type=\"section\" data-settings=\"{&quot;background_background&quot;:&quot;classic&quot;,&quot;_ha_eqh_enable&quot;:false}\">\n\t\t\t\t\t\t<div class=\"elementor-container elementor-column-gap-default\">\n\t\t\t\t\t<section class=\"elementor-column elementor-col-100 elementor-top-column elementor-element elementor-element-56db7cd\" data-id=\"56db7cd\" data-element_type=\"column\" data-e-type=\"column\">\n\t\t\t<div class=\"elementor-widget-wrap elementor-element-populated\">\n\t\t\t\t\t\t<div class=\"elementor-element elementor-element-c5d862e elementor-widget elementor-widget-image\" data-id=\"c5d862e\" data-element_type=\"widget\" data-e-type=\"widget\" data-widget_type=\"image.default\">\n\t\t\t\t<div class=\"elementor-widget-container\">\n\t\t\t\t\t\t\t\t\t\t\t\t\t\t\t<img decoding=\"async\" width=\"300\" height=\"124\" src=\"https:\/\/unicope.com\/wp-content\/uploads\/2023\/06\/edr_Logo_Horizontal_Grau_RGB-624x257-1-300x124.png\" class=\"attachment-medium size-medium wp-image-26008\" alt=\"edr_logo_horizontal_grau_rgb-624x257\" srcset=\"https:\/\/unicope.com\/wp-content\/uploads\/2023\/06\/edr_Logo_Horizontal_Grau_RGB-624x257-1-300x124.png 300w, https:\/\/unicope.com\/wp-content\/uploads\/2023\/06\/edr_Logo_Horizontal_Grau_RGB-624x257-1.png 624w\" sizes=\"(max-width: 300px) 100vw, 300px\" \/>\t\t\t\t\t\t\t\t\t\t\t\t\t\t\t<\/div>\n\t\t\t\t<\/div>\n\t\t\t\t<div class=\"elementor-element elementor-element-ef36ddc elementor-widget elementor-widget-heading\" data-id=\"ef36ddc\" data-element_type=\"widget\" data-e-type=\"widget\" data-widget_type=\"heading.default\">\n\t\t\t\t<div class=\"elementor-widget-container\">\n\t\t\t\t\t<h1 class=\"elementor-heading-title elementor-size-large\"><span style=\"color: #1fcfcb\">mydocma Bausoftware \u2013 effizient und flexibel in der Anwendung<\/span><\/h1>\t\t\t\t<\/div>\n\t\t\t\t<\/div>\n\t\t\t\t<section class=\"elementor-section elementor-inner-section elementor-element elementor-element-43b4f7f elementor-section-boxed elementor-section-height-default elementor-section-height-default wpr-particle-no wpr-jarallax-no wpr-parallax-no wpr-sticky-section-no\" data-id=\"43b4f7f\" data-element_type=\"section\" data-e-type=\"section\" data-settings=\"{&quot;_ha_eqh_enable&quot;:false}\">\n\t\t\t\t\t\t<div class=\"elementor-container elementor-column-gap-default\">\n\t\t\t\t\t<div class=\"elementor-column elementor-col-100 elementor-inner-column elementor-element elementor-element-72857db\" data-id=\"72857db\" data-element_type=\"column\" data-e-type=\"column\" data-settings=\"{&quot;background_background&quot;:&quot;classic&quot;}\">\n\t\t\t<div class=\"elementor-widget-wrap elementor-element-populated\">\n\t\t\t\t\t\t<div class=\"elementor-element elementor-element-ec2885b elementor-widget elementor-widget-text-editor\" data-id=\"ec2885b\" data-element_type=\"widget\" data-e-type=\"widget\" data-widget_type=\"text-editor.default\">\n\t\t\t\t<div class=\"elementor-widget-container\">\n\t\t\t\t\t\t\t\t\t<p>Cloud-Computing, mobiles Office, Schnittstellen, etc. \u2013 mit unserem renommierten Partner\u00a0<a href=\"https:\/\/www.edr-software.com\/\" target=\"_blank\" rel=\"noopener\">edr software<\/a>\u00a0gibt es viele thematische \u00dcberschneidungen und ein gemeinsames Ziel: Die Digitalisierung von Firmen entscheidend mitzupr\u00e4gen. Als Anbieter von praxiserprobten IT-L\u00f6sungen deckt der M\u00fcnchner Softwareanbieter ein au\u00dferordentlich breites Leistungsspektrum ab. Der Kundenkreis stammt schwerpunktm\u00e4\u00dfig aus der Bau- und Immobilienbranche \u2013 viele der Anwendungen sind durch die passgenaue\u00a0<a href=\"https:\/\/www.edr-software.com\/services\/konfigurations-service\/\" target=\"_blank\" rel=\"noopener\">Konfiguration<\/a>\u00a0allerdings auch spartenunabh\u00e4ngig einsetzbar.<\/p><p>Dreh- und Angelpunkt ist die\u00a0<a href=\"https:\/\/www.edr-software.com\/loesungen\/\" target=\"_blank\" rel=\"noopener\">Plattform mydocma<\/a>. Sie gew\u00e4hrleistet, dass Anwender &amp; Projekte homogen verwaltet werden und die Module einfach miteinander interagieren k\u00f6nnen. Die Standardl\u00f6sungen sorgen f\u00fcr einheitliche Unternehmensprozesse, liefern projekt\u00fcbergreifende Auswertungen f\u00fcr strategische Entscheidungen und sind dank automatisierter Datenvernetzung in jede Systemlandschaft integrierbar. Bezeichnend f\u00fcr das mittelst\u00e4ndische Unternehmen ist das fundierte Prozessverst\u00e4ndnis, der kundennahe Rundum-Service, der umfassende Support und der hohe Entwicklungsgrad der Software \u2013 immer ausgerichtet an den Nutzerw\u00fcnschen &amp; neuesten Branchentrends.<\/p>\t\t\t\t\t\t\t\t<\/div>\n\t\t\t\t<\/div>\n\t\t\t\t<div class=\"elementor-element elementor-element-5c4ca13 elementor-widget elementor-widget-image\" data-id=\"5c4ca13\" data-element_type=\"widget\" data-e-type=\"widget\" data-widget_type=\"image.default\">\n\t\t\t\t<div class=\"elementor-widget-container\">\n\t\t\t\t\t\t\t\t\t\t\t\t\t\t\t<img fetchpriority=\"high\" decoding=\"async\" width=\"800\" height=\"585\" src=\"https:\/\/unicope.com\/wp-content\/uploads\/2023\/06\/edr_Wuerfel-1024x749.jpg\" class=\"attachment-large size-large wp-image-26012\" alt=\"edr_wuerfel\" srcset=\"https:\/\/unicope.com\/wp-content\/uploads\/2023\/06\/edr_Wuerfel-1024x749.jpg 1024w, https:\/\/unicope.com\/wp-content\/uploads\/2023\/06\/edr_Wuerfel-300x220.jpg 300w, https:\/\/unicope.com\/wp-content\/uploads\/2023\/06\/edr_Wuerfel-768x562.jpg 768w, https:\/\/unicope.com\/wp-content\/uploads\/2023\/06\/edr_Wuerfel.jpg 1200w\" sizes=\"(max-width: 800px) 100vw, 800px\" \/>\t\t\t\t\t\t\t\t\t\t\t\t\t\t\t<\/div>\n\t\t\t\t<\/div>\n\t\t\t\t<div class=\"elementor-element elementor-element-1e15f25 elementor-widget elementor-widget-text-editor\" data-id=\"1e15f25\" data-element_type=\"widget\" data-e-type=\"widget\" data-widget_type=\"text-editor.default\">\n\t\t\t\t<div class=\"elementor-widget-container\">\n\t\t\t\t\t\t\t\t\t<a href=\"https:\/\/www.edr-software.com\/loesungen\/\" target=\"_blank\" rel=\"noopener\">Bausoftware-Plattform mydocma<\/a>: Module f\u00fcr M\u00e4ngelmanagement, Baudokumentation, Bildverwaltung, Formularmanagement, Brandschutzdokumentation, u.v.m.\t\t\t\t\t\t\t\t<\/div>\n\t\t\t\t<\/div>\n\t\t\t\t<div class=\"elementor-element elementor-element-b633f32 elementor-widget elementor-widget-text-editor\" data-id=\"b633f32\" data-element_type=\"widget\" data-e-type=\"widget\" data-widget_type=\"text-editor.default\">\n\t\t\t\t<div class=\"elementor-widget-container\">\n\t\t\t\t\t\t\t\t\t<h5>Kontaktdaten:<\/h5><p><span style=\"font-weight: bolder;\">edr software GmbH<\/span><br \/>Zweibr\u00fcckenstra\u00dfe 5-7<br \/>D-80331 M\u00fcnchen<br \/>T\u00a0\u00a0 + 49 (0) 540 23 48 \u2013 20<br \/>E\u00a0\u00a0\u00a0<a href=\"mailto:info@edr-software.com\">info@edr-software.com<\/a><br \/>Web:\u00a0<a href=\"http:\/\/www.edr-software.com\/\" target=\"_blank\" rel=\"noopener\">www.edr-software.com<\/a><\/p>\t\t\t\t\t\t\t\t<\/div>\n\t\t\t\t<\/div>\n\t\t\t\t\t<\/div>\n\t\t<\/div>\n\t\t\t\t\t<\/div>\n\t\t<\/section>\n\t\t\t\t\t<\/div>\n\t\t<\/section>\n\t\t\t\t\t<\/div>\n\t\t<\/section>\n\t\t\t\t<\/div>\n\t\t","protected":false},"excerpt":{"rendered":"","protected":false},"author":1,"featured_media":0,"parent":24910,"menu_order":0,"comment_status":"closed","ping_status":"closed","template":"","meta":{"_acf_changed":false,"footnotes":""},"class_list":["post-26005","page","type-page","status-publish","hentry"],"acf":[],"_links":{"self":[{"href":"https:\/\/unicope.com\/de\/wp-json\/wp\/v2\/pages\/26005","targetHints":{"allow":["GET"]}}],"collection":[{"href":"https:\/\/unicope.com\/de\/wp-json\/wp\/v2\/pages"}],"about":[{"href":"https:\/\/unicope.com\/de\/wp-json\/wp\/v2\/types\/page"}],"author":[{"embeddable":true,"href":"https:\/\/unicope.com\/de\/wp-json\/wp\/v2\/users\/1"}],"replies":[{"embeddable":true,"href":"https:\/\/unicope.com\/de\/wp-json\/wp\/v2\/comments?post=26005"}],"version-history":[{"count":10,"href":"https:\/\/unicope.com\/de\/wp-json\/wp\/v2\/pages\/26005\/revisions"}],"predecessor-version":[{"id":26951,"href":"https:\/\/unicope.com\/de\/wp-json\/wp\/v2\/pages\/26005\/revisions\/26951"}],"up":[{"embeddable":true,"href":"https:\/\/unicope.com\/de\/wp-json\/wp\/v2\/pages\/24910"}],"wp:attachment":[{"href":"https:\/\/unicope.com\/de\/wp-json\/wp\/v2\/media?parent=26005"}],"curies":[{"name":"wp","href":"https:\/\/api.w.org\/{rel}","templated":true}]}}