{"id":31849,"date":"2023-03-15T03:56:08","date_gmt":"2023-03-15T02:56:08","guid":{"rendered":"https:\/\/unicope.com\/datenschutz\/"},"modified":"2024-11-29T02:20:01","modified_gmt":"2024-11-29T01:20:01","slug":"privacy-policy","status":"publish","type":"page","link":"https:\/\/unicope.com\/en\/privacy-policy\/","title":{"rendered":"Privacy Policy"},"content":{"rendered":"\t\t<div data-elementor-type=\"wp-page\" data-elementor-id=\"31849\" class=\"elementor elementor-31849 elementor-513\" data-elementor-settings=\"{&quot;ha_cmc_init_switcher&quot;:&quot;no&quot;}\" data-elementor-post-type=\"page\">\n\t\t\t\t\t\t<section class=\"elementor-section elementor-top-section elementor-element elementor-element-acd57e4 elementor-section-boxed elementor-section-height-default elementor-section-height-default wpr-particle-no wpr-jarallax-no wpr-parallax-no wpr-sticky-section-no\" data-id=\"acd57e4\" data-element_type=\"section\" data-e-type=\"section\" data-settings=\"{&quot;background_background&quot;:&quot;classic&quot;,&quot;_ha_eqh_enable&quot;:false}\">\n\t\t\t\t\t\t<div class=\"elementor-container elementor-column-gap-default\">\n\t\t\t\t\t<section class=\"elementor-column elementor-col-100 elementor-top-column elementor-element elementor-element-c74cad5\" data-id=\"c74cad5\" data-element_type=\"column\" data-e-type=\"column\">\n\t\t\t<div class=\"elementor-widget-wrap elementor-element-populated\">\n\t\t\t\t\t\t<div class=\"elementor-element elementor-element-9728ec7 elementor-widget elementor-widget-text-editor\" data-id=\"9728ec7\" data-element_type=\"widget\" data-e-type=\"widget\" data-widget_type=\"text-editor.default\">\n\t\t\t\t<div class=\"elementor-widget-container\">\n\t\t\t\t\t\t\t\t\t<h2>Privacy Policy<\/h2>\nThe entity responsible for processing your personal data on our website is the company. The company&#8217;s details can be found in the legal notice (<a href=\"\/impressum\/\">Impressum<\/a>).\n<h4>Data Protection<\/h4>\nWe take the protection of your personal data very seriously. Your personal data is processed in compliance with statutory data protection regulations and this privacy policy. In general, the use of our website is possible without providing personal data. Any personal data collected on our site (e.g., name, address, or email address) is, as far as possible, always provided on a voluntary basis.\n<h4><strong>Contacting Us<\/strong><\/h4>\nIf you contact us via a form on the website or by email, the data you provide will be stored for six months for the purpose of processing your inquiry and any follow-up questions. We do not share this data without your consent.\n<h4>What Data Does UNICOPE Process?<\/h4>\nWe process your personal data within the following categories:\n<ul>\n \t<li>Name\/Company Name<\/li>\n \t<li>Profession\/Job Title<\/li>\n \t<li>Company Registration Number<\/li>\n \t<li>Contact Person<\/li>\n \t<li>Business Address and Other Customer Addresses<\/li>\n \t<li>Contact Details (Phone Number, Fax Number, Email Address, etc.)<\/li>\n \t<li>Bank Details, Credit Card Data<\/li>\n \t<li>Order Data<\/li>\n \t<li>VAT Number<\/li>\n \t<li>Customer Service Inquiries<\/li>\n<\/ul>\n<div><\/div>\nThe data you provide is required to fulfill the contract or carry out pre-contractual measures. Without this data, we cannot conclude the contract with you. Your data will not be shared with third parties except for:\n<ul>\n \t<li>Sharing credit card data with payment processors to deduct the purchase price.<\/li>\n \t<li>Sharing data with shipping companies for delivery purposes.<\/li>\n \t<li>Sharing data with our tax advisor to fulfill legal tax obligations.<\/li>\n<\/ul>\n<div><\/div>\nIn case of a contract, all data from the contractual relationship will be stored until the expiration of the statutory tax retention period (7 years). Beyond that, data such as name, address, purchased goods, and purchase date will be stored until the end of the product liability period (10 years).\n\nData processing is based on the legal provisions of \u00a7 96 (3) TKG and Art 6 (1) (a) (consent) and\/or (b) (necessary for contract fulfillment) of the GDPR.\nYou have voluntarily provided us with your data, and we process it based on your consent for the following purposes:\n<ul>\n \t<li>Customer care and<\/li>\n \t<li>Our own marketing purposes, such as sending offers, promotional materials, and newsletters (both in print and electronic form), and for referencing existing or past business relationships.<\/li>\n<\/ul>\nYou may revoke your consent at any time. Revoking your consent will result in us ceasing to process your data for the above purposes. Please contact us at <a href=\"mailto:customerservice@unicope.com?subject=Widerruf%20zur%20Speicherung%20meiner%20Daten\">CustomerService@unicope.com<\/a>\u00a0to withdraw your consent.\n\n&nbsp;\n<h4>Processors and Recipients<\/h4>\nWe process your personal data with the assistance of data processors who support us in providing services (e.g., web hosting, email newsletter services). These processors are obligated to strictly protect your personal data and may not use it for purposes other than providing our services. Your personal data will only be shared with typical business service providers such as banks (for transfers to you), tax advisors (if you appear in our accounting), shipping providers (for deliveries to you), etc.\n<h4>Legal Remedies<\/h4>\nYou have the right to access, rectify, delete, restrict, transfer, and object to your data. For this, please contact us. If you believe the processing of your data violates data protection laws or your data protection rights, you may lodge a complaint with the supervisory authority. In Austria, the Data Protection Authority is responsible.\n<h4>Newsletter<\/h4>\nYou can subscribe to our newsletter via our website. We require your email address and your consent to receive the newsletter. To provide tailored information, we may also collect and process voluntarily provided data such as interests, address, and postal code. Once you have subscribed, we will send a confirmation email. You can unsubscribe from the newsletter at any time by emailing <a href=\"mailto:marketing@unicope.com?subject=Abmeldung%20Newsletter\">marketing@unicope.com<\/a>. We will then promptly delete your data related to the newsletter.\n<h4>Youtube<\/h4>\nWe integrate videos from the platform &#8220;YouTube&#8221; provided by Google LLC, 1600 Amphitheatre Parkway, Mountain View, CA 94043, USA.\nPrivacy Policy: <a href=\"https:\/\/www.google.com\/policies\/privacy\/\" target=\"_blank\" rel=\"noopener noreferrer\">https:\/\/www.google.com\/policies\/privacy\/<\/a>, Opt-Out:\u00a0<a href=\"https:\/\/adssettings.google.com\/authenticated\" target=\"_blank\" rel=\"noopener noreferrer\">https:\/\/adssettings.google.com\/authenticated<\/a>.\n<h4>Google Fonts<\/h4>\nWe use the fonts (&#8220;Google Fonts&#8221;) provided by Google LLC, 1600 Amphitheatre Parkway, Mountain View, CA 94043, USA.\nPrivacy Policy: <a href=\"https:\/\/www.google.com\/policies\/privacy\/\" target=\"_blank\" rel=\"noopener noreferrer\">https:\/\/www.google.com\/policies\/privacy\/<\/a>, Opt-Out:\u00a0<a href=\"https:\/\/adssettings.google.com\/authenticated\" target=\"_blank\" rel=\"noopener noreferrer\">https:\/\/adssettings.google.com\/authenticated<\/a>.\n<h4>Cookies<\/h4>\nOur website uses cookies, small text files stored on your device by your browser. They do not cause any harm. Cookies help make our website more user-friendly. Some cookies remain stored on your device until you delete them. These enable us to recognize your browser on your next visit. You can configure your browser to inform you about cookie usage and allow cookies only in individual cases. Disabling cookies may limit the functionality of our website.\n<div class=\"clickskeks-cookie-declaration ccm-cookie-declaration ccm-cookie-declaration--loaded\" lang=\"en-US\">\n<div class=\"ccm-cookie-declaration--intro\">\n<h5>Web-Analyse<\/h5>\nWir haben mit den Anbietern einen entsprechenden Vertrag zur Auftragsdatenverarbeitung abgeschlossen. Ihre IP-Adresse wird erfasst, aber umgehend (z.B. durch L\u00f6schung der letzten 8 Bit)pseudonymisiert. Dadurch ist nur mehr eine grobe Lokalisierung m\u00f6glich. Die Datenverarbeitung erfolgt auf Basis der gesetzlichen Bestimmungen des \u00a7 96 Abs 3 TKG sowie des Art 6 Abs 1 lit a (Einwilligung) und\/oder f (berechtigtes Interesse) der DSGVO. Unser Anliegen im Sinne der DSGVO (berechtigtes Interesse) ist die Verbesserung unseres Angebotes und unseres Webauftritts. Da uns die Privatsph\u00e4re unserer Nutzer wichtig ist, werden die Nutzerdaten pseudonymisiert. Die Nutzerdaten werden f\u00fcr die Dauer von 14 Monaten aufbewahrt.\n<h5>Google Analytics<\/h5>\nGoogle Analytics is a web analysis tool that helps website owners understand and analyze user interactions on their websites. It collects data about website visits, including information on how users arrive at the site (e.g., via search engines, social media, or direct traffic), how they navigate the site, which pages they visit, and how long they stay on those pages. This information is presented in various reports that provide insights into user behavior, enabling website operators to optimize their website and improve the user experience. The data is also used for personalization and the effective delivery of targeted advertisements.\n\n<strong>Google Analytics Opt-Out Tool for your Browser:<\/strong>\u00a0<a href=\"https:\/\/tools.google.com\/dlpage\/gaoptout\" target=\"_blank\" rel=\"noopener\">https:\/\/tools.google.com\/dlpage\/gaoptout<\/a>\n<h5>Facebook Pixel<\/h5>\nMit Ihrer Einwilligung setzen wir innerhalb unseres Internetauftritts den \u201eBesucheraktions-Pixel\u201c der Facebook Inc., 1601 S. California Ave, Palo Alto, CA 94304, USA (\u201eFacebook\u201c) ein. Mit dessen Hilfe k\u00f6nnen wir die Aktionen von Nutzern nachverfolgen, nach dem diese eine Facebook-Werbeanzeige gesehen oder geklickt haben. So k\u00f6nnen wir die Wirksamkeit der\u00a0Facebook-Werbeanzeigen f\u00fcr statistische und marktforschungszwecke erfassen. Die so erfassten Daten sind f\u00fcr uns anonym, das hei\u00dft wir sehen nicht die personenbezogenen Daten einzelner Nutzer. Diese Daten werden jedoch von Facebook gespeichert \u00a0und verarbeitet, wor\u00fcber wir Sie entsprechend unserem Kenntnisstand unterrichten. Facebook kann diese Daten mit ihrem Facebookkonto verbinden und auch f\u00fcr eigene Werbezwecke, entsprechend Facebooks Datensverwendungsrichtlinie verwenden\u00a0<a href=\"https:\/\/www.facebook.com\/about\/privacy\/\" target=\"_blank\" rel=\"noopener\">https:\/\/www.facebook.com\/about\/privacy\/<\/a>. Sie k\u00f6nnen Facebook sowie dessen Partnern das Schalten von Werbeanzeigen auf und au\u00dferhalb von Facebook erm\u00f6glichen. Es kann ferner zu diesen Zwecken ein Cookie auf Ihrem Rechner gespeichert werden.\n\nDiese Einwilligung darf nur von Nutzern, die \u00e4lter als 13 Jahre alt sind erkl\u00e4rt werden. Falls Sie j\u00fcnger sind, bitten wir, Ihre Erziehungsberechtigten um Rat zu fragen.\n<h5>LinkedIn<\/h5>\nAuf unseren Seiten sind Plugins des sozialen Netzwerks LinkedIn der LinkedIn Corporation, 2029 Stierlin Court, Mountain View, CA 94043, USA integriert. Wenn Sie unsere Seiten besuchen, wird \u00fcber das Plugin eine direkte Verbindung zwischen Ihrem Browser und dem LinkedIn-Server hergestellt. Das LinkedIn-Insight Tag erm\u00f6glicht es uns, unsere LinkedIn-Werbeanzeigen zu bewerten und Informationen \u00fcber Website-Besucher zu sammeln, die uns \u00fcber unsere Werbeanzeigen auf LinkedIn erreicht haben. Details zur Datenerhebung sowie zu Ihren Rechten und Einstellungsm\u00f6glichkeiten k\u00f6nnen Sie den Datenschutzhinweisen von LinkedIn entnehmen. Diese Hinweise finden sie unter:\u00a0<a href=\"https:\/\/www.linkedin.com\/legal\/privacy-policy\" target=\"_blank\" rel=\"noopener noreferrer\">https:\/\/www.linkedin.com\/legal\/privacy-policy<\/a>\n<h5>Pardot<\/h5>\nAuf unseren Seiten ist das Marketing Automationstool Pardot der Firma Pardot LLC, 950 East Paces Ferry Road, Suite 3300 Atlanta, GA 30326, USA integriert.\u00a0Pardot ist eine spezielle Software zur Erfassung und Auswertung der Bewegungsprofile von Website-Besuchern.\u00a0Pardot verwendet \u201eCookies\u201c, die auf dem Computer des jeweiligen Website-Besuchers gespeichert werden und eine Analyse der Benutzung der Website erm\u00f6glichen. Sie k\u00f6nnen diese Speicherung dieser Cookies jederzeit durch entsprechende Einstellungen in Ihrem Internetbrowser verhindern.\n<h5>Datenschutzbeauftragter<\/h5>\nMartin Malina, LL.B. (WU)\n\nHeiligenst\u00e4dter Stra\u00dfe 201\n\nA-1190 Wien\n\n<a href=\"mailto:datenschutz@unicope.com\">datenschutz@unicope.com<\/a>\n\n<\/div>\n<\/div>\t\t\t\t\t\t\t\t<\/div>\n\t\t\t\t<\/div>\n\t\t\t\t\t<\/div>\n\t\t<\/section>\n\t\t\t\t\t<\/div>\n\t\t<\/section>\n\t\t\t\t<\/div>\n\t\t","protected":false},"excerpt":{"rendered":"","protected":false},"author":6,"featured_media":0,"parent":0,"menu_order":0,"comment_status":"closed","ping_status":"closed","template":"","meta":{"_acf_changed":false,"footnotes":""},"class_list":["post-31849","page","type-page","status-publish","hentry"],"acf":[],"_links":{"self":[{"href":"https:\/\/unicope.com\/en\/wp-json\/wp\/v2\/pages\/31849","targetHints":{"allow":["GET"]}}],"collection":[{"href":"https:\/\/unicope.com\/en\/wp-json\/wp\/v2\/pages"}],"about":[{"href":"https:\/\/unicope.com\/en\/wp-json\/wp\/v2\/types\/page"}],"author":[{"embeddable":true,"href":"https:\/\/unicope.com\/en\/wp-json\/wp\/v2\/users\/6"}],"replies":[{"embeddable":true,"href":"https:\/\/unicope.com\/en\/wp-json\/wp\/v2\/comments?post=31849"}],"version-history":[{"count":17,"href":"https:\/\/unicope.com\/en\/wp-json\/wp\/v2\/pages\/31849\/revisions"}],"predecessor-version":[{"id":33278,"href":"https:\/\/unicope.com\/en\/wp-json\/wp\/v2\/pages\/31849\/revisions\/33278"}],"wp:attachment":[{"href":"https:\/\/unicope.com\/en\/wp-json\/wp\/v2\/media?parent=31849"}],"curies":[{"name":"wp","href":"https:\/\/api.w.org\/{rel}","templated":true}]}}